{"id":10,"date":"2023-05-08T09:38:13","date_gmt":"2023-05-08T12:38:13","guid":{"rendered":"https:\/\/blocossumare.com.br\/site\/?page_id=10"},"modified":"2025-03-07T15:47:24","modified_gmt":"2025-03-07T18:47:24","slug":"contato","status":"publish","type":"page","link":"https:\/\/blocossumare.com.br\/contato\/","title":{"rendered":"Contato"},"content":{"rendered":"\t\t<div data-elementor-type=\"wp-page\" data-elementor-id=\"10\" class=\"elementor elementor-10\">\n\t\t\t\t\t\t<section class=\"elementor-section elementor-top-section elementor-element elementor-element-5522befc elementor-section-boxed elementor-section-height-default elementor-section-height-default\" data-id=\"5522befc\" data-element_type=\"section\" data-e-type=\"section\" data-settings=\"{&quot;background_background&quot;:&quot;classic&quot;}\">\n\t\t\t\t\t\t<div class=\"elementor-container elementor-column-gap-default\">\n\t\t\t\t\t<div class=\"elementor-column elementor-col-50 elementor-top-column elementor-element elementor-element-32ca29e3\" data-id=\"32ca29e3\" data-element_type=\"column\" data-e-type=\"column\" data-settings=\"{&quot;background_background&quot;:&quot;classic&quot;}\">\n\t\t\t<div class=\"elementor-widget-wrap elementor-element-populated\">\n\t\t\t\t\t\t<div class=\"elementor-element elementor-element-56843106 elementor-widget elementor-widget-image\" data-id=\"56843106\" data-element_type=\"widget\" data-e-type=\"widget\" data-widget_type=\"image.default\">\n\t\t\t\t<div class=\"elementor-widget-container\">\n\t\t\t\t\t\t\t\t\t\t\t\t\t\t\t\t<a href=\"https:\/\/www.blocossumare.com.br\/\">\n\t\t\t\t\t\t\t<img fetchpriority=\"high\" decoding=\"async\" width=\"276\" height=\"249\" src=\"https:\/\/blocossumare.com.br\/contato\/wp-content\/uploads\/2023\/05\/logo-blocos-sumare-sp.png\" class=\"attachment-large size-large wp-image-17\" alt=\"\" \/>\t\t\t\t\t\t\t\t<\/a>\n\t\t\t\t\t\t\t\t\t\t\t\t\t\t\t<\/div>\n\t\t\t\t<\/div>\n\t\t\t\t<div class=\"elementor-element elementor-element-e8089d1 elementor-icon-list--layout-traditional elementor-list-item-link-full_width elementor-widget elementor-widget-icon-list\" data-id=\"e8089d1\" data-element_type=\"widget\" data-e-type=\"widget\" data-widget_type=\"icon-list.default\">\n\t\t\t\t<div class=\"elementor-widget-container\">\n\t\t\t\t\t\t\t<ul class=\"elementor-icon-list-items\">\n\t\t\t\t\t\t\t<li class=\"elementor-icon-list-item\">\n\t\t\t\t\t\t\t\t\t\t\t<span class=\"elementor-icon-list-icon\">\n\t\t\t\t\t\t\t<i aria-hidden=\"true\" class=\"fas fa-phone-alt\"><\/i>\t\t\t\t\t\t<\/span>\n\t\t\t\t\t\t\t\t\t\t<span class=\"elementor-icon-list-text\">(19) 99119-6459<\/span>\n\t\t\t\t\t\t\t\t\t<\/li>\n\t\t\t\t\t\t\t\t<li class=\"elementor-icon-list-item\">\n\t\t\t\t\t\t\t\t\t\t\t<span class=\"elementor-icon-list-icon\">\n\t\t\t\t\t\t\t<i aria-hidden=\"true\" class=\"fab fa-whatsapp\"><\/i>\t\t\t\t\t\t<\/span>\n\t\t\t\t\t\t\t\t\t\t<span class=\"elementor-icon-list-text\"> (19) 99352-2004<\/span>\n\t\t\t\t\t\t\t\t\t<\/li>\n\t\t\t\t\t\t\t\t<li class=\"elementor-icon-list-item\">\n\t\t\t\t\t\t\t\t\t\t\t<span class=\"elementor-icon-list-icon\">\n\t\t\t\t\t\t\t<i aria-hidden=\"true\" class=\"far fa-envelope-open\"><\/i>\t\t\t\t\t\t<\/span>\n\t\t\t\t\t\t\t\t\t\t<span class=\"elementor-icon-list-text\">sumareblocos@gmail.com<\/span>\n\t\t\t\t\t\t\t\t\t<\/li>\n\t\t\t\t\t\t\t\t<li class=\"elementor-icon-list-item\">\n\t\t\t\t\t\t\t\t\t\t\t<span class=\"elementor-icon-list-icon\">\n\t\t\t\t\t\t\t<i aria-hidden=\"true\" class=\"fas fa-map-marker-alt\"><\/i>\t\t\t\t\t\t<\/span>\n\t\t\t\t\t\t\t\t\t\t<span class=\"elementor-icon-list-text\">Av. Jo\u00e3o Argenton, 2705 - Vila Yolanda - Sumar\u00e9\/SP<\/span>\n\t\t\t\t\t\t\t\t\t<\/li>\n\t\t\t\t\t\t<\/ul>\n\t\t\t\t\t\t<\/div>\n\t\t\t\t<\/div>\n\t\t\t\t<div class=\"elementor-element elementor-element-23230b90 elementor-widget elementor-widget-google_maps\" data-id=\"23230b90\" data-element_type=\"widget\" data-e-type=\"widget\" data-widget_type=\"google_maps.default\">\n\t\t\t\t<div class=\"elementor-widget-container\">\n\t\t\t\t\t\t\t<div class=\"elementor-custom-embed\">\n\t\t\t<iframe loading=\"lazy\"\n\t\t\t\t\tsrc=\"https:\/\/maps.google.com\/maps?q=Blocos%20Sumar%C3%A9&#038;t=m&#038;z=15&#038;output=embed&#038;iwloc=near\"\n\t\t\t\t\ttitle=\"Blocos Sumar\u00e9\"\n\t\t\t\t\taria-label=\"Blocos Sumar\u00e9\"\n\t\t\t><\/iframe>\n\t\t<\/div>\n\t\t\t\t\t\t<\/div>\n\t\t\t\t<\/div>\n\t\t\t\t\t<\/div>\n\t\t<\/div>\n\t\t\t\t<div class=\"elementor-column elementor-col-50 elementor-top-column elementor-element elementor-element-78421035\" data-id=\"78421035\" data-element_type=\"column\" data-e-type=\"column\" data-settings=\"{&quot;background_background&quot;:&quot;classic&quot;}\">\n\t\t\t<div class=\"elementor-widget-wrap elementor-element-populated\">\n\t\t\t\t\t\t<div class=\"elementor-element elementor-element-7adc232c elementor-widget elementor-widget-shortcode\" data-id=\"7adc232c\" data-element_type=\"widget\" data-e-type=\"widget\" data-widget_type=\"shortcode.default\">\n\t\t\t\t<div class=\"elementor-widget-container\">\n\t\t\t\t\t\t\t<div class=\"elementor-shortcode\">\n<div class=\"wpcf7 no-js\" id=\"wpcf7-f33-o1\" lang=\"pt-BR\" dir=\"ltr\" data-wpcf7-id=\"33\">\n<div class=\"screen-reader-response\"><p role=\"status\" aria-live=\"polite\" aria-atomic=\"true\"><\/p> <ul><\/ul><\/div>\n<form action=\"\/contato\/wp-json\/wp\/v2\/pages\/10#wpcf7-f33-o1\" method=\"post\" class=\"wpcf7-form init\" aria-label=\"Formul\u00e1rios de contato\" novalidate=\"novalidate\" data-status=\"init\">\n<fieldset class=\"hidden-fields-container\"><input type=\"hidden\" name=\"_wpcf7\" value=\"33\" \/><input type=\"hidden\" name=\"_wpcf7_version\" value=\"6.1.5\" \/><input type=\"hidden\" name=\"_wpcf7_locale\" value=\"pt_BR\" \/><input type=\"hidden\" name=\"_wpcf7_unit_tag\" value=\"wpcf7-f33-o1\" \/><input type=\"hidden\" name=\"_wpcf7_container_post\" value=\"0\" \/><input type=\"hidden\" name=\"_wpcf7_posted_data_hash\" value=\"\" \/><input type=\"hidden\" name=\"_wpcf7_recaptcha_response\" value=\"\" \/>\n<\/fieldset>\n<p><span class=\"wpcf7-form-control-wrap\" data-name=\"nome\"><input size=\"40\" maxlength=\"400\" class=\"wpcf7-form-control wpcf7-text wpcf7-validates-as-required\" aria-required=\"true\" aria-invalid=\"false\" placeholder=\"Nome:*\" value=\"\" type=\"text\" name=\"nome\" \/><\/span>\n<\/p>\n<p><span class=\"wpcf7-form-control-wrap\" data-name=\"email\"><input size=\"40\" maxlength=\"400\" class=\"wpcf7-form-control wpcf7-email wpcf7-validates-as-required wpcf7-text wpcf7-validates-as-email\" aria-required=\"true\" aria-invalid=\"false\" placeholder=\"E-mail:*\" value=\"\" type=\"email\" name=\"email\" \/><\/span>\n<\/p>\n<p><span class=\"wpcf7-form-control-wrap\" data-name=\"telefone\"><input size=\"40\" maxlength=\"400\" class=\"wpcf7-form-control wpcf7-text\" aria-invalid=\"false\" placeholder=\"Telefone c\/ DDD:\" value=\"\" type=\"text\" name=\"telefone\" \/><\/span>\n<\/p>\n<p><span class=\"wpcf7-form-control-wrap\" data-name=\"mensagem\"><textarea cols=\"40\" rows=\"10\" maxlength=\"2000\" class=\"wpcf7-form-control wpcf7-textarea\" aria-invalid=\"false\" placeholder=\"Mensagem:\" name=\"mensagem\"><\/textarea><\/span>\n<\/p>\n<p>Estou de acordo em fornecer os dados acima para que a Blocos Sumar\u00e9 entre em contato comigo, ciente de que esses dados ser\u00e3o utilizados pelas \u00e1reas de Marketing e Comercial para o envio de e-mails.\n<\/p>\n<p><span class=\"wpcf7-form-control-wrap\" data-name=\"aceite-lgpd\"><select class=\"wpcf7-form-control wpcf7-select wpcf7-validates-as-required\" aria-required=\"true\" aria-invalid=\"false\" name=\"aceite-lgpd\"><option value=\"Sim\">Sim<\/option><option value=\"N\u00e3o\">N\u00e3o<\/option><\/select><\/span>\n<\/p>\n<p><input class=\"wpcf7-form-control wpcf7-submit has-spinner\" type=\"submit\" value=\"Enviar\" \/>\n<\/p><div class=\"wpcf7-response-output\" aria-hidden=\"true\"><\/div>\n<\/form>\n<\/div>\n<\/div>\n\t\t\t\t\t\t<\/div>\n\t\t\t\t<\/div>\n\t\t\t\t\t<\/div>\n\t\t<\/div>\n\t\t\t\t\t<\/div>\n\t\t<\/section>\n\t\t\t\t<\/div>\n\t\t","protected":false},"excerpt":{"rendered":"<p>(19) 99119-6459 (19) 99352-2004 sumareblocos@gmail.com Av. Jo\u00e3o Argenton, 2705 &#8211; Vila Yolanda &#8211; Sumar\u00e9\/SP<\/p>\n","protected":false},"author":1,"featured_media":0,"parent":0,"menu_order":0,"comment_status":"closed","ping_status":"closed","template":"elementor_canvas","meta":{"inline_featured_image":false,"footnotes":""},"class_list":["post-10","page","type-page","status-publish","hentry"],"yoast_head":"<!-- This site is optimized with the Yoast SEO plugin v27.6 - https:\/\/yoast.com\/product\/yoast-seo-wordpress\/ -->\n<title>Blocos Sumar\u00e9 SP | Or\u00e7amento e Contato<\/title>\n<meta name=\"description\" content=\"Solicite seu or\u00e7amento, ou entre em contato conosco atrav\u00e9s do telefone (19) 3873-1291 ou no nosso Whatsapp (19) 99352-2004.\" \/>\n<meta name=\"robots\" content=\"index, follow, max-snippet:-1, max-image-preview:large, max-video-preview:-1\" \/>\n<link rel=\"canonical\" href=\"https:\/\/blocossumare.com.br\/contato\/\" \/>\n<meta property=\"og:locale\" content=\"pt_BR\" \/>\n<meta property=\"og:type\" content=\"article\" \/>\n<meta property=\"og:title\" content=\"Blocos Sumar\u00e9 SP | Or\u00e7amento e Contato\" \/>\n<meta property=\"og:description\" content=\"Solicite seu or\u00e7amento, ou entre em contato conosco atrav\u00e9s do telefone (19) 3873-1291 ou no nosso Whatsapp (19) 99352-2004.\" \/>\n<meta property=\"og:url\" content=\"https:\/\/blocossumare.com.br\/contato\/\" \/>\n<meta property=\"og:site_name\" content=\"Blocos Sumar\u00e9\" \/>\n<meta property=\"article:modified_time\" content=\"2025-03-07T18:47:24+00:00\" \/>\n<meta property=\"og:image\" content=\"https:\/\/blocossumare.com.br\/contato\/wp-content\/uploads\/2023\/05\/logo-blocos-sumare-sp.png\" \/>\n\t<meta property=\"og:image:width\" content=\"276\" \/>\n\t<meta property=\"og:image:height\" content=\"249\" \/>\n\t<meta property=\"og:image:type\" content=\"image\/png\" \/>\n<meta name=\"twitter:card\" content=\"summary_large_image\" \/>\n<meta name=\"twitter:label1\" content=\"Est. tempo de leitura\" \/>\n\t<meta name=\"twitter:data1\" content=\"1 minuto\" \/>\n<script type=\"application\/ld+json\" class=\"yoast-schema-graph\">{\"@context\":\"https:\\\/\\\/schema.org\",\"@graph\":[{\"@type\":\"WebPage\",\"@id\":\"https:\\\/\\\/blocossumare.com.br\\\/contato\\\/\",\"url\":\"https:\\\/\\\/blocossumare.com.br\\\/contato\\\/\",\"name\":\"Blocos Sumar\u00e9 SP | Or\u00e7amento e Contato\",\"isPartOf\":{\"@id\":\"https:\\\/\\\/blocossumare.com.br\\\/contato\\\/#website\"},\"primaryImageOfPage\":{\"@id\":\"https:\\\/\\\/blocossumare.com.br\\\/contato\\\/#primaryimage\"},\"image\":{\"@id\":\"https:\\\/\\\/blocossumare.com.br\\\/contato\\\/#primaryimage\"},\"thumbnailUrl\":\"https:\\\/\\\/blocossumare.com.br\\\/contato\\\/wp-content\\\/uploads\\\/2023\\\/05\\\/logo-blocos-sumare-sp.png\",\"datePublished\":\"2023-05-08T12:38:13+00:00\",\"dateModified\":\"2025-03-07T18:47:24+00:00\",\"description\":\"Solicite seu or\u00e7amento, ou entre em contato conosco atrav\u00e9s do telefone (19) 3873-1291 ou no nosso Whatsapp (19) 99352-2004.\",\"breadcrumb\":{\"@id\":\"https:\\\/\\\/blocossumare.com.br\\\/contato\\\/#breadcrumb\"},\"inLanguage\":\"pt-BR\",\"potentialAction\":[{\"@type\":\"ReadAction\",\"target\":[\"https:\\\/\\\/blocossumare.com.br\\\/contato\\\/\"]}]},{\"@type\":\"ImageObject\",\"inLanguage\":\"pt-BR\",\"@id\":\"https:\\\/\\\/blocossumare.com.br\\\/contato\\\/#primaryimage\",\"url\":\"https:\\\/\\\/blocossumare.com.br\\\/contato\\\/wp-content\\\/uploads\\\/2023\\\/05\\\/logo-blocos-sumare-sp.png\",\"contentUrl\":\"https:\\\/\\\/blocossumare.com.br\\\/contato\\\/wp-content\\\/uploads\\\/2023\\\/05\\\/logo-blocos-sumare-sp.png\",\"width\":276,\"height\":249},{\"@type\":\"BreadcrumbList\",\"@id\":\"https:\\\/\\\/blocossumare.com.br\\\/contato\\\/#breadcrumb\",\"itemListElement\":[{\"@type\":\"ListItem\",\"position\":1,\"name\":\"In\u00edcio\",\"item\":\"https:\\\/\\\/blocossumare.com.br\\\/contato\\\/\"},{\"@type\":\"ListItem\",\"position\":2,\"name\":\"Contato\"}]},{\"@type\":\"WebSite\",\"@id\":\"https:\\\/\\\/blocossumare.com.br\\\/contato\\\/#website\",\"url\":\"https:\\\/\\\/blocossumare.com.br\\\/contato\\\/\",\"name\":\"Blocos Sumar\u00e9\",\"description\":\"\",\"publisher\":{\"@id\":\"https:\\\/\\\/blocossumare.com.br\\\/contato\\\/#organization\"},\"potentialAction\":[{\"@type\":\"SearchAction\",\"target\":{\"@type\":\"EntryPoint\",\"urlTemplate\":\"https:\\\/\\\/blocossumare.com.br\\\/contato\\\/?s={search_term_string}\"},\"query-input\":{\"@type\":\"PropertyValueSpecification\",\"valueRequired\":true,\"valueName\":\"search_term_string\"}}],\"inLanguage\":\"pt-BR\"},{\"@type\":\"Organization\",\"@id\":\"https:\\\/\\\/blocossumare.com.br\\\/contato\\\/#organization\",\"name\":\"Blocos Sumar\u00e9\",\"url\":\"https:\\\/\\\/blocossumare.com.br\\\/contato\\\/\",\"logo\":{\"@type\":\"ImageObject\",\"inLanguage\":\"pt-BR\",\"@id\":\"https:\\\/\\\/blocossumare.com.br\\\/contato\\\/#\\\/schema\\\/logo\\\/image\\\/\",\"url\":\"https:\\\/\\\/blocossumare.com.br\\\/contato\\\/wp-content\\\/uploads\\\/2023\\\/05\\\/logo-blocos-sumare-sp.png\",\"contentUrl\":\"https:\\\/\\\/blocossumare.com.br\\\/contato\\\/wp-content\\\/uploads\\\/2023\\\/05\\\/logo-blocos-sumare-sp.png\",\"width\":276,\"height\":249,\"caption\":\"Blocos Sumar\u00e9\"},\"image\":{\"@id\":\"https:\\\/\\\/blocossumare.com.br\\\/contato\\\/#\\\/schema\\\/logo\\\/image\\\/\"}}]}<\/script>\n<!-- \/ Yoast SEO plugin. -->","yoast_head_json":{"title":"Blocos Sumar\u00e9 SP | Or\u00e7amento e Contato","description":"Solicite seu or\u00e7amento, ou entre em contato conosco atrav\u00e9s do telefone (19) 3873-1291 ou no nosso Whatsapp (19) 99352-2004.","robots":{"index":"index","follow":"follow","max-snippet":"max-snippet:-1","max-image-preview":"max-image-preview:large","max-video-preview":"max-video-preview:-1"},"canonical":"https:\/\/blocossumare.com.br\/contato\/","og_locale":"pt_BR","og_type":"article","og_title":"Blocos Sumar\u00e9 SP | Or\u00e7amento e Contato","og_description":"Solicite seu or\u00e7amento, ou entre em contato conosco atrav\u00e9s do telefone (19) 3873-1291 ou no nosso Whatsapp (19) 99352-2004.","og_url":"https:\/\/blocossumare.com.br\/contato\/","og_site_name":"Blocos Sumar\u00e9","article_modified_time":"2025-03-07T18:47:24+00:00","og_image":[{"width":276,"height":249,"url":"https:\/\/blocossumare.com.br\/contato\/wp-content\/uploads\/2023\/05\/logo-blocos-sumare-sp.png","type":"image\/png"}],"twitter_card":"summary_large_image","twitter_misc":{"Est. tempo de leitura":"1 minuto"},"schema":{"@context":"https:\/\/schema.org","@graph":[{"@type":"WebPage","@id":"https:\/\/blocossumare.com.br\/contato\/","url":"https:\/\/blocossumare.com.br\/contato\/","name":"Blocos Sumar\u00e9 SP | Or\u00e7amento e Contato","isPartOf":{"@id":"https:\/\/blocossumare.com.br\/contato\/#website"},"primaryImageOfPage":{"@id":"https:\/\/blocossumare.com.br\/contato\/#primaryimage"},"image":{"@id":"https:\/\/blocossumare.com.br\/contato\/#primaryimage"},"thumbnailUrl":"https:\/\/blocossumare.com.br\/contato\/wp-content\/uploads\/2023\/05\/logo-blocos-sumare-sp.png","datePublished":"2023-05-08T12:38:13+00:00","dateModified":"2025-03-07T18:47:24+00:00","description":"Solicite seu or\u00e7amento, ou entre em contato conosco atrav\u00e9s do telefone (19) 3873-1291 ou no nosso Whatsapp (19) 99352-2004.","breadcrumb":{"@id":"https:\/\/blocossumare.com.br\/contato\/#breadcrumb"},"inLanguage":"pt-BR","potentialAction":[{"@type":"ReadAction","target":["https:\/\/blocossumare.com.br\/contato\/"]}]},{"@type":"ImageObject","inLanguage":"pt-BR","@id":"https:\/\/blocossumare.com.br\/contato\/#primaryimage","url":"https:\/\/blocossumare.com.br\/contato\/wp-content\/uploads\/2023\/05\/logo-blocos-sumare-sp.png","contentUrl":"https:\/\/blocossumare.com.br\/contato\/wp-content\/uploads\/2023\/05\/logo-blocos-sumare-sp.png","width":276,"height":249},{"@type":"BreadcrumbList","@id":"https:\/\/blocossumare.com.br\/contato\/#breadcrumb","itemListElement":[{"@type":"ListItem","position":1,"name":"In\u00edcio","item":"https:\/\/blocossumare.com.br\/contato\/"},{"@type":"ListItem","position":2,"name":"Contato"}]},{"@type":"WebSite","@id":"https:\/\/blocossumare.com.br\/contato\/#website","url":"https:\/\/blocossumare.com.br\/contato\/","name":"Blocos Sumar\u00e9","description":"","publisher":{"@id":"https:\/\/blocossumare.com.br\/contato\/#organization"},"potentialAction":[{"@type":"SearchAction","target":{"@type":"EntryPoint","urlTemplate":"https:\/\/blocossumare.com.br\/contato\/?s={search_term_string}"},"query-input":{"@type":"PropertyValueSpecification","valueRequired":true,"valueName":"search_term_string"}}],"inLanguage":"pt-BR"},{"@type":"Organization","@id":"https:\/\/blocossumare.com.br\/contato\/#organization","name":"Blocos Sumar\u00e9","url":"https:\/\/blocossumare.com.br\/contato\/","logo":{"@type":"ImageObject","inLanguage":"pt-BR","@id":"https:\/\/blocossumare.com.br\/contato\/#\/schema\/logo\/image\/","url":"https:\/\/blocossumare.com.br\/contato\/wp-content\/uploads\/2023\/05\/logo-blocos-sumare-sp.png","contentUrl":"https:\/\/blocossumare.com.br\/contato\/wp-content\/uploads\/2023\/05\/logo-blocos-sumare-sp.png","width":276,"height":249,"caption":"Blocos Sumar\u00e9"},"image":{"@id":"https:\/\/blocossumare.com.br\/contato\/#\/schema\/logo\/image\/"}}]}},"_links":{"self":[{"href":"https:\/\/blocossumare.com.br\/contato\/wp-json\/wp\/v2\/pages\/10","targetHints":{"allow":["GET"]}}],"collection":[{"href":"https:\/\/blocossumare.com.br\/contato\/wp-json\/wp\/v2\/pages"}],"about":[{"href":"https:\/\/blocossumare.com.br\/contato\/wp-json\/wp\/v2\/types\/page"}],"author":[{"embeddable":true,"href":"https:\/\/blocossumare.com.br\/contato\/wp-json\/wp\/v2\/users\/1"}],"replies":[{"embeddable":true,"href":"https:\/\/blocossumare.com.br\/contato\/wp-json\/wp\/v2\/comments?post=10"}],"version-history":[{"count":31,"href":"https:\/\/blocossumare.com.br\/contato\/wp-json\/wp\/v2\/pages\/10\/revisions"}],"predecessor-version":[{"id":59,"href":"https:\/\/blocossumare.com.br\/contato\/wp-json\/wp\/v2\/pages\/10\/revisions\/59"}],"wp:attachment":[{"href":"https:\/\/blocossumare.com.br\/contato\/wp-json\/wp\/v2\/media?parent=10"}],"curies":[{"name":"wp","href":"https:\/\/api.w.org\/{rel}","templated":true}]}}